{"id":5596,"date":"2026-05-07T12:01:55","date_gmt":"2026-05-07T12:01:55","guid":{"rendered":"https:\/\/ascensonelsonterapias.com\/?page_id=5596"},"modified":"2026-05-07T16:42:44","modified_gmt":"2026-05-07T16:42:44","slug":"sobre-mim","status":"publish","type":"page","link":"https:\/\/ascensonelsonterapias.com\/en\/sobre-mim\/","title":{"rendered":"About me"},"content":{"rendered":"<div data-elementor-type=\"wp-page\" data-elementor-id=\"5596\" class=\"elementor elementor-5596\" data-elementor-post-type=\"page\">\n\t\t\t\t<div class=\"elementor-element elementor-element-e202ae8 elementor-hidden-mobile e-flex e-con-boxed wpr-particle-no wpr-jarallax-no wpr-parallax-no wpr-sticky-section-no wpr-equal-height-no e-con e-parent\" data-id=\"e202ae8\" data-element_type=\"container\" data-e-type=\"container\" data-settings=\"{&quot;background_background&quot;:&quot;classic&quot;}\">\n\t\t\t\t\t<div class=\"e-con-inner\">\n\t\t\t\t\t<\/div>\n\t\t\t\t<\/div>\n\t\t<div class=\"elementor-element elementor-element-f82e0ae elementor-hidden-desktop elementor-hidden-tablet e-flex e-con-boxed wpr-particle-no wpr-jarallax-no wpr-parallax-no wpr-sticky-section-no wpr-equal-height-no e-con e-parent\" data-id=\"f82e0ae\" data-element_type=\"container\" data-e-type=\"container\" data-settings=\"{&quot;background_background&quot;:&quot;classic&quot;}\">\n\t\t\t\t\t<div class=\"e-con-inner\">\n\t\t\t\t\t<\/div>\n\t\t\t\t<\/div>\n\t\t<div class=\"elementor-element elementor-element-b4f78f6 elementor-hidden-mobile e-flex e-con-boxed wpr-particle-no wpr-jarallax-no wpr-parallax-no wpr-sticky-section-no wpr-equal-height-no e-con e-parent\" data-id=\"b4f78f6\" data-element_type=\"container\" data-e-type=\"container\">\n\t\t\t\t\t<div class=\"e-con-inner\">\n\t\t\t\t<div class=\"elementor-element elementor-element-9656cca elementor-widget elementor-widget-heading\" data-id=\"9656cca\" data-element_type=\"widget\" data-e-type=\"widget\" data-widget_type=\"heading.default\">\n\t\t\t\t\t<h2 class=\"elementor-heading-title elementor-size-default\">My Story<\/h2>\t\t\t\t<\/div>\n\t\t\t\t\t<\/div>\n\t\t\t\t<\/div>\n\t\t<div class=\"elementor-element elementor-element-2308402 elementor-hidden-desktop elementor-hidden-tablet e-flex e-con-boxed wpr-particle-no wpr-jarallax-no wpr-parallax-no wpr-sticky-section-no wpr-equal-height-no e-con e-parent\" data-id=\"2308402\" data-element_type=\"container\" data-e-type=\"container\">\n\t\t\t\t\t<div class=\"e-con-inner\">\n\t\t\t\t<div class=\"elementor-element elementor-element-ba44d37 elementor-widget elementor-widget-heading\" data-id=\"ba44d37\" data-element_type=\"widget\" data-e-type=\"widget\" data-widget_type=\"heading.default\">\n\t\t\t\t\t<h2 class=\"elementor-heading-title elementor-size-default\">My Story<\/h2>\t\t\t\t<\/div>\n\t\t\t\t\t<\/div>\n\t\t\t\t<\/div>\n\t\t<div class=\"elementor-element elementor-element-4cf6d8a elementor-hidden-mobile e-flex e-con-boxed wpr-particle-no wpr-jarallax-no wpr-parallax-no wpr-sticky-section-no wpr-equal-height-no e-con e-parent\" data-id=\"4cf6d8a\" data-element_type=\"container\" data-e-type=\"container\">\n\t\t\t\t\t<div class=\"e-con-inner\">\n\t\t\t\t<div class=\"elementor-element elementor-element-6f5e54f elementor-widget elementor-widget-text-editor\" data-id=\"6f5e54f\" data-element_type=\"widget\" data-e-type=\"widget\" data-widget_type=\"text-editor.default\">\n\t\t\t\t\t\t\t\t\t<p>I was born in Germany, the son of factory workers who worked very hard to achieve something in life. I grew up with the social idea that we have to work hard to have the things of everyday life, that life is a struggle. Therefore, I was always very hardworking, an excellent student, always at the top of my grades. Quite shy and withdrawn, the world seemed somewhat frightening to me. Being an adult seemed very difficult and a lot of work. Raised with Catholic and materialistic ideas\u2014that we are sinners, that we have to redeem ourselves from our sins, that we have to pursue perfection\u2014that&#039;s what I tried to do.<br \/>Having fun was seen as a luxury for me; being relaxed and living in the moment was something I only did very occasionally. I read and studied a lot with pleasure, trying to achieve salvation from a world with which I didn&#039;t identify, nor where I fit in. I felt like an ugly duckling, an outsider.<br \/>\u201c&quot;Money rules the world,&quot; everyone said, so I decided to pursue economics and management and dreamed of being a top executive, like those I saw in movies, in skyscrapers, well-dressed and successful, in continuous meetings in various parts of the world, earning a lot of money and having everything they wanted. They were apparently happy. And happiness was what I sought. Because I wanted to be different, I didn&#039;t want to follow a traditional course, and since I always liked mathematics and logical reasoning, when I learned about a recent 3-year degree called applied mathematics to economics and management, I felt inside that this was my path.<\/p>\t\t\t\t\t\t\t\t<\/div>\n\t\t\t\t<div class=\"elementor-element elementor-element-5a9d3c6 elementor-widget elementor-widget-text-editor\" data-id=\"5a9d3c6\" data-element_type=\"widget\" data-e-type=\"widget\" data-widget_type=\"text-editor.default\">\n\t\t\t\t\t\t\t\t\t<p>Everything seemed to make sense until I arrived at the real world of work. During my final year internship, I pushed myself to the limit to conduct the most perfect, most accurate statistical study possible, in accordance with everything I had studied. I spent over six months working on it at a consulting firm, a study that had never been done in that area in Portugal before. The conclusion: the study was a success, as it was published in the specialized magazine &quot;Exame,&quot; but at the end, the company director said I was too much of a perfectionist and that I wouldn&#039;t be staying with the company. It was a shock to me. After all, everything they had instilled in me\u2014to strive to the utmost, to be very hardworking, and to do things perfectly\u2014wasn&#039;t reality? Life lost its meaning, its sense of purpose.<br \/>I went through a period of great existential crisis, sinking into a depression that passed in a few months, but left very deep scars. This crisis was recurring because I couldn&#039;t find a job where I could adapt, or when I did, something always happened that prevented me from becoming stable. The Universe seemed to be telling me that my path wasn&#039;t that way. <\/p>\t\t\t\t\t\t\t\t<\/div>\n\t\t\t\t<div class=\"elementor-element elementor-element-76f170c elementor-widget elementor-widget-text-editor\" data-id=\"76f170c\" data-element_type=\"widget\" data-e-type=\"widget\" data-widget_type=\"text-editor.default\">\n\t\t\t\t\t\t\t\t\t<p>For years I met people involved in so-called complementary or alternative therapies, since traditional medicine didn&#039;t seem to offer solutions to my deepest anxieties. My path of self-knowledge deepened, connecting me to meditation, yoga, tai chi, and initiating reiki, progressing through levels over the years, among other areas of so-called integrative holistic medicine.<br \/>Somewhere along this path I saw a name that caught my attention: multidimensional therapy. I&#039;ve always wanted to study the multidimensionality of things, of the Universe, of numbers, of data, to UNDERSTAND.<br \/>I started going to Hel\u00e8ne Abiassi&#039;s house, the creator of the therapy, participating in sessions, but it all seemed very strange to me. They talked about lives in various dimensions, contracts, redemptions, adjustments, implants, cleansings, work on DNA, on our double and on healing teams, on beings of Light. In Lemuria, in Atlantis, in Sirius and Orion, in an astral world, in evacuation doors among many other things, and it all seemed like science fiction to me.<br \/>I eventually drifted away, but later, in 2008, through a friend who invited me to go with him, I attended a multidimensional therapy training course for a few days in Le\u00e7a da Palmeira. Little of what I learned truly resonated with me, perhaps because at that time I wasn&#039;t ready.<br \/>Years passed, but the bug of multidimensional therapy always remained; I wanted to understand it, the name that fascinated me, until I returned to studying it and renewed my training, completing the multidimensional therapy trainer training program.<br \/>Everything then began to make sense, and what fascinated me turned into practice, and practice made me understand it more and more, love it, and live it in the fullness, peace, forgiveness, and love that it provides.<\/p>\t\t\t\t\t\t\t\t<\/div>\n\t\t\t\t<div class=\"elementor-element elementor-element-8013d0c elementor-widget elementor-widget-text-editor\" data-id=\"8013d0c\" data-element_type=\"widget\" data-e-type=\"widget\" data-widget_type=\"text-editor.default\">\n\t\t\t\t\t\t\t\t\t<p>Come and discover and experience it for yourself!<\/p>\t\t\t\t\t\t\t\t<\/div>\n\t\t\t\t\t<\/div>\n\t\t\t\t<\/div>\n\t\t<div class=\"elementor-element elementor-element-e9cf510 elementor-hidden-desktop elementor-hidden-tablet e-flex e-con-boxed wpr-particle-no wpr-jarallax-no wpr-parallax-no wpr-sticky-section-no wpr-equal-height-no e-con e-parent\" data-id=\"e9cf510\" data-element_type=\"container\" data-e-type=\"container\">\n\t\t\t\t\t<div class=\"e-con-inner\">\n\t\t\t\t<div class=\"elementor-element elementor-element-7edf7bf elementor-widget elementor-widget-text-editor\" data-id=\"7edf7bf\" data-element_type=\"widget\" data-e-type=\"widget\" data-widget_type=\"text-editor.default\">\n\t\t\t\t\t\t\t\t\t<p>I was born in Germany, the son of factory workers who worked very hard to achieve something in life. I grew up with the social idea that we have to work hard to have the things of everyday life, that life is a struggle. Therefore, I was always very hardworking, an excellent student, always at the top of my grades. Quite shy and withdrawn, the world seemed somewhat frightening to me. Being an adult seemed very difficult and a lot of work. Raised with Catholic and materialistic ideas\u2014that we are sinners, that we have to redeem ourselves from our sins, that we have to pursue perfection\u2014that&#039;s what I tried to do.<br \/>Having fun was seen as a luxury for me; being relaxed and living in the moment was something I only did very occasionally. I read and studied a lot with pleasure, trying to achieve salvation from a world with which I didn&#039;t identify, nor where I fit in. I felt like an ugly duckling, an outsider.<br \/>\u201c&quot;Money rules the world,&quot; everyone said, so I decided to pursue economics and management and dreamed of being a top executive, like those I saw in movies, in skyscrapers, well-dressed and successful, in continuous meetings in various parts of the world, earning a lot of money and having everything they wanted. They were apparently happy. And happiness was what I sought. Because I wanted to be different, I didn&#039;t want to follow a traditional course, and since I always liked mathematics and logical reasoning, when I learned about a recent 3-year degree called applied mathematics to economics and management, I felt inside that this was my path.<\/p>\t\t\t\t\t\t\t\t<\/div>\n\t\t\t\t<div class=\"elementor-element elementor-element-ba65d3c elementor-widget elementor-widget-text-editor\" data-id=\"ba65d3c\" data-element_type=\"widget\" data-e-type=\"widget\" data-widget_type=\"text-editor.default\">\n\t\t\t\t\t\t\t\t\t<p>Everything seemed to make sense until I arrived at the real world of work. During my final year internship, I pushed myself to the limit to conduct the most perfect, most accurate statistical study possible, in accordance with everything I had studied. I spent over six months working on it at a consulting firm, a study that had never been done in that area in Portugal before. The conclusion: the study was a success, as it was published in the specialized magazine &quot;Exame,&quot; but at the end, the company director said I was too much of a perfectionist and that I wouldn&#039;t be staying with the company. It was a shock to me. After all, everything they had instilled in me\u2014to strive to the utmost, to be very hardworking, and to do things perfectly\u2014wasn&#039;t reality? Life lost its meaning, its sense of purpose.<br \/>I went through a period of great existential crisis, sinking into a depression that passed in a few months, but left very deep scars. This crisis was recurring because I couldn&#039;t find a job where I could adapt, or when I did, something always happened that prevented me from becoming stable. The Universe seemed to be telling me that my path wasn&#039;t that way. <\/p>\t\t\t\t\t\t\t\t<\/div>\n\t\t\t\t<div class=\"elementor-element elementor-element-5d2d57c elementor-widget elementor-widget-text-editor\" data-id=\"5d2d57c\" data-element_type=\"widget\" data-e-type=\"widget\" data-widget_type=\"text-editor.default\">\n\t\t\t\t\t\t\t\t\t<p>For years I met people involved in so-called complementary or alternative therapies, since traditional medicine didn&#039;t seem to offer solutions to my deepest anxieties. My path of self-knowledge deepened, connecting me to meditation, yoga, tai chi, and initiating reiki, progressing through levels over the years, among other areas of so-called integrative holistic medicine.<br \/>Somewhere along this path I saw a name that caught my attention: multidimensional therapy. I&#039;ve always wanted to study the multidimensionality of things, of the Universe, of numbers, of data, to UNDERSTAND.<br \/>I started going to Hel\u00e8ne Abiassi&#039;s house, the creator of the therapy, participating in sessions, but it all seemed very strange to me. They talked about lives in various dimensions, contracts, redemptions, adjustments, implants, cleansings, work on DNA, on our double and on healing teams, on beings of Light. In Lemuria, in Atlantis, in Sirius and Orion, in an astral world, in evacuation doors among many other things, and it all seemed like science fiction to me.<br \/>I eventually drifted away, but later, in 2008, through a friend who invited me to go with him, I attended a multidimensional therapy training course for a few days in Le\u00e7a da Palmeira. Little of what I learned truly resonated with me, perhaps because at that time I wasn&#039;t ready.<br \/>Years passed, but the bug of multidimensional therapy always remained; I wanted to understand it, the name that fascinated me, until I returned to studying it and renewed my training, completing the multidimensional therapy trainer training program.<br \/>Everything then began to make sense, and what fascinated me turned into practice, and practice made me understand it more and more, love it, and live it in the fullness, peace, forgiveness, and love that it provides.<\/p>\t\t\t\t\t\t\t\t<\/div>\n\t\t\t\t<div class=\"elementor-element elementor-element-2dc3b15 elementor-widget elementor-widget-text-editor\" data-id=\"2dc3b15\" data-element_type=\"widget\" data-e-type=\"widget\" data-widget_type=\"text-editor.default\">\n\t\t\t\t\t\t\t\t\t<p>Come and discover and experience it for yourself!<\/p>\t\t\t\t\t\t\t\t<\/div>\n\t\t\t\t\t<\/div>\n\t\t\t\t<\/div>\n\t\t\t\t<\/div>","protected":false},"excerpt":{"rendered":"<p>A Minha Hist\u00f3ria A Minha Hist\u00f3ria Nasci na Alemanha, filho de oper\u00e1rios, que muito trabalharam para conseguir ter algo na vida. Cresci com o pensamento social que temos de trabalhar muito para ter as coisas do dia-a-dia, que a vida \u00e9 uma luta. Assim, fui sempre muito esfor\u00e7ado, um excelente aluno, sempre no topo das notas. Bastante t\u00edmido e retra\u00eddo, o mundo para mim era meio assustador. Ser adulto parecia ser muito dif\u00edcil e dar muito trabalho. Educado com as ideias cat\u00f3licas e materialistas, que somos pecadores, que temos que nos redimir dos pecados, que temos de perseguir a perfei\u00e7\u00e3o, assim o tentei fazer.Divertir-me para mim era visto como um luxo, o estar descontra\u00eddo, o viver o momento era algo a fazer s\u00f3 muito de vez em quando. Lia e estudada muito com prazer tentando com isso atingir a minha salva\u00e7\u00e3o desde mundo com o qual n\u00e3o me identificava, nem onde encaixava. Sentia-me um patinho feio, um outsider.\u201cO dinheiro governa o mundo\u201d, todos diziam, resolvi assim seguir a \u00e1rea de economia e gest\u00e3o e sonhava ser um executivo de topo, como aqueles que via nos filmes, em arranha-c\u00e9us, bem vestidos e sucedidos, em reuni\u00f5es cont\u00ednuas em v\u00e1rios lugares do mundo, a ganhar muito dinheiro e a terem tudo o que queriam. Eram felizes aparentemente. E era felicidade o que buscava. Como queria ser diferente, n\u00e3o quis seguir um curso tradicional, e como sempre gostei de matem\u00e1tica e de racioc\u00ednio l\u00f3gico, quando soube da exist\u00eancia duma licenciatura recente que tinha 3 anos que se chamava matem\u00e1tica aplicada \u00e0 economia e gest\u00e3o, senti dentro de mim que era por a\u00ed o meu caminho. Tudo parecia fazer sentido at\u00e9 chegar ao mundo real do trabalho. No est\u00e1gio de fim de curso esforcei-me ao m\u00e1ximo para fazer um estudo estat\u00edstico o mais perfeito, o mais exato poss\u00edvel, de acordo com tudo o que tinha estudado. Estive assim a concretiz\u00e1-lo numa empresa de consultoria, que durou mais de meio ano, estudo at\u00e9 ent\u00e3o nunca realizado naquela \u00e1rea em Portugal. Conclus\u00e3o: o estudo foi um sucesso, j\u00e1 que foi publicado na revista especializada \u201cExame\u201d, mas no final o diretor da empresa disse que eu era muito perfecionista, que n\u00e3o ia continuar na empresa. Foi um choque para mim. Afinal, tudo o que me tinham incutido, de me esfor\u00e7ar ao m\u00e1ximo, de ser muito trabalhador e fazer as coisas perfeitas, n\u00e3o era realidade? A vida ficou sem nexo, sem sentido.Passei um per\u00edodo de grande crise existencial, afundando-me numa depress\u00e3o que em poucos meses passou, mas que criou marcas bem profundas. Crise essa que era recorrente, pois n\u00e3o encontrava um trabalho onde me adaptasse, ou quando tal acontecia, algo ocorria sempre que n\u00e3o permitia ficar est\u00e1vel. O Universo parecia estar a dizer-me que o meu caminho n\u00e3o era por ali. Durante anos fui conhecendo pessoas ligadas \u00e0s chamadas terapias complementares ou alternativas, j\u00e1 que a medicina tradicional n\u00e3o parecia dar solu\u00e7\u00e3o \u00e0s minhas ang\u00fastias mais profundas. O meu caminho do auto conhecimento foi-se aprofundando, ligando-me \u00e0 medita\u00e7\u00e3o, ao ioga, ao tai chi, iniciando-me no reiki, evoluindo de n\u00edveis ao longo dos anos, entre outras \u00e1reas da chamada medicina hol\u00edstica integrativa.Algures neste caminho vi um nome que me chamou a aten\u00e7\u00e3o: terapia multidimensional. Eu sempre quis estudar a multidimensionalidade das coisas, do Universo, dos n\u00fameros, dos dados, ENTENDER.Comecei a frequentar a casa da Hel\u00e8ne Abiassi, a criadora da terapia, participando em sess\u00f5es, mas tudo aquilo me era muito estranho. Falava-se vidas em v\u00e1rias dimens\u00f5es, contratos, resgates, afina\u00e7\u00f5es, implantes, limpezas, trabalhos no ADN, no nosso duplo e nas equipas de cura, em seres de Luz. Na Lem\u00faria, na Atl\u00e2ntida, em Sirius e Ori\u00f3n, num mundo astral, em portas de evacua\u00e7\u00e3o entre muito mais coisas e tudo isso me parecia fic\u00e7\u00e3o cient\u00edfica.Acabei por me afastar mas mais tarde, em 2008, atrav\u00e9s dum amigo que me convidou para ir com ele, fui fazer a forma\u00e7\u00e3o em terapia multidimensional durante uns dias em Le\u00e7a da Palmeira. Pouco entrou no meu ser do que aprendi, pois nesse momento talvez n\u00e3o me encontrasse preparado.As anos passaram e sempre ficou o bichinho da terapia multidimensional, o de quer entend\u00ea-la, o nome que me fascinava, at\u00e9 que voltei a estud\u00e1-la e fiz renova\u00e7\u00e3o da forma\u00e7\u00e3o, fazendo a forma\u00e7\u00e3o de formadores da terapia multidimensional.Tudo a\u00ed come\u00e7ou a fazer sentido, e o fascinou tornou-me em pr\u00e1tica e a pr\u00e1tica fez com que cada vez mais a entendesse, a amasse e vivesse na plenitude, na Paz, no Perd\u00e3o e no Amor que ela proporciona. Venha conhecer e experimentar tamb\u00e9m! Nasci na Alemanha, filho de oper\u00e1rios, que muito trabalharam para conseguir ter algo na vida. Cresci com o pensamento social que temos de trabalhar muito para ter as coisas do dia-a-dia, que a vida \u00e9 uma luta. Assim, fui sempre muito esfor\u00e7ado, um excelente aluno, sempre no topo das notas. Bastante t\u00edmido e retra\u00eddo, o mundo para mim era meio assustador. Ser adulto parecia ser muito dif\u00edcil e dar muito trabalho. Educado com as ideias cat\u00f3licas e materialistas, que somos pecadores, que temos que nos redimir dos pecados, que temos de perseguir a perfei\u00e7\u00e3o, assim o tentei fazer.Divertir-me para mim era visto como um luxo, o estar descontra\u00eddo, o viver o momento era algo a fazer s\u00f3 muito de vez em quando. Lia e estudada muito com prazer tentando com isso atingir a minha salva\u00e7\u00e3o desde mundo com o qual n\u00e3o me identificava, nem onde encaixava. Sentia-me um patinho feio, um outsider.\u201cO dinheiro governa o mundo\u201d, todos diziam, resolvi assim seguir a \u00e1rea de economia e gest\u00e3o e sonhava ser um executivo de topo, como aqueles que via nos filmes, em arranha-c\u00e9us, bem vestidos e sucedidos, em reuni\u00f5es cont\u00ednuas em v\u00e1rios lugares do mundo, a ganhar muito dinheiro e a terem tudo o que queriam. Eram felizes aparentemente. E era felicidade o que buscava. Como queria ser diferente, n\u00e3o quis seguir um curso tradicional, e como sempre gostei de matem\u00e1tica e de racioc\u00ednio l\u00f3gico, quando soube da exist\u00eancia duma licenciatura recente que tinha 3 anos que se chamava matem\u00e1tica aplicada<\/p>","protected":false},"author":1,"featured_media":0,"parent":0,"menu_order":0,"comment_status":"closed","ping_status":"closed","template":"elementor_header_footer","meta":{"footnotes":""},"class_list":["post-5596","page","type-page","status-publish","hentry"],"_links":{"self":[{"href":"https:\/\/ascensonelsonterapias.com\/en\/wp-json\/wp\/v2\/pages\/5596","targetHints":{"allow":["GET"]}}],"collection":[{"href":"https:\/\/ascensonelsonterapias.com\/en\/wp-json\/wp\/v2\/pages"}],"about":[{"href":"https:\/\/ascensonelsonterapias.com\/en\/wp-json\/wp\/v2\/types\/page"}],"author":[{"embeddable":true,"href":"https:\/\/ascensonelsonterapias.com\/en\/wp-json\/wp\/v2\/users\/1"}],"replies":[{"embeddable":true,"href":"https:\/\/ascensonelsonterapias.com\/en\/wp-json\/wp\/v2\/comments?post=5596"}],"version-history":[{"count":42,"href":"https:\/\/ascensonelsonterapias.com\/en\/wp-json\/wp\/v2\/pages\/5596\/revisions"}],"predecessor-version":[{"id":6058,"href":"https:\/\/ascensonelsonterapias.com\/en\/wp-json\/wp\/v2\/pages\/5596\/revisions\/6058"}],"wp:attachment":[{"href":"https:\/\/ascensonelsonterapias.com\/en\/wp-json\/wp\/v2\/media?parent=5596"}],"curies":[{"name":"wp","href":"https:\/\/api.w.org\/{rel}","templated":true}]}}